{"id":1287,"date":"2023-06-22T08:51:12","date_gmt":"2023-06-22T08:51:12","guid":{"rendered":"https:\/\/luxvil.hu\/?page_id=1287"},"modified":"2023-07-28T18:38:16","modified_gmt":"2023-07-28T18:38:16","slug":"zahlungsdetails","status":"publish","type":"page","link":"https:\/\/luxvil.hu\/de\/zahlungsdetails\/","title":{"rendered":"Zahlungsdetails"},"content":{"rendered":"\t\t<div data-elementor-type=\"wp-page\" data-elementor-id=\"1287\" class=\"elementor elementor-1287\" data-elementor-post-type=\"page\">\n\t\t\t\t<div class=\"elementor-element elementor-element-3fa97f6 e-flex e-con-boxed e-con e-parent\" data-id=\"3fa97f6\" data-element_type=\"container\">\n\t\t\t\t\t<div class=\"e-con-inner\">\n\t\t\t\t<div class=\"elementor-element elementor-element-6dfed78 elementor-widget elementor-widget-heading\" data-id=\"6dfed78\" data-element_type=\"widget\" data-widget_type=\"heading.default\">\n\t\t\t\t<div class=\"elementor-widget-container\">\n\t\t\t\t\t<h2 class=\"elementor-heading-title elementor-size-default\">Preise<\/h2>\t\t\t\t<\/div>\n\t\t\t\t<\/div>\n\t\t\t\t<div class=\"elementor-element elementor-element-298a37f elementor-widget elementor-widget-text-editor\" data-id=\"298a37f\" data-element_type=\"widget\" data-widget_type=\"text-editor.default\">\n\t\t\t\t<div class=\"elementor-widget-container\">\n\t\t\t\t\t\t\t\t\t<p><strong>Das LuxVil Apartmenthaus ist eine echte Four Seasons Wohnung<\/strong>, also wir warten auf Sie im Sommer und Winter, damit Sie sich wohlf\u00fchlen und sich ordentlich erholen k\u00f6nnen. Der Mietpreis richtet sich nach der aktuellen Saison. <strong>Wir akzeptieren die Sz\u00e9p Karte.<\/strong>\u00a0Wie andere Unterk\u00fcnfte verwenden auch wir saisonale Preise.<\/p><p>Unsere aktuellen Preise k\u00f6nnen Sie auf der Unterseite <span style=\"text-decoration: underline;\"><strong><a href=\"\/de\/preise\">Preise<\/a><\/strong><\/span> einsehen.<\/p><p><strong>HUF-Bankkonto:<\/strong> 11773494 01554849 0000 0000<br \/><strong>HUF-IBAN:\u00a0 \u00a0 \u00a0 \u00a0 \u00a0 \u00a0<\/strong> HU16 1177 3494 0155 4849 0000 0000<br \/><strong>EUR-IBAN:<\/strong>\u00a0 \u00a0 \u00a0 \u00a0 \u00a0 \u00a0 HU88 1177 5496 6208 1885 0000 0000<br \/><strong>Swift\/Bic Code:\u00a0<\/strong> OTPVHUHB<\/p><p><strong>Bitte geben Sie bei einer \u00dcberweisung Ihren Namen und die Buchungs-ID im Bescheid an!<\/strong><\/p>\t\t\t\t\t\t\t\t<\/div>\n\t\t\t\t<\/div>\n\t\t\t\t\t<\/div>\n\t\t\t\t<\/div>\n\t\t<div class=\"elementor-element elementor-element-5679f71 e-flex e-con-boxed e-con e-parent\" data-id=\"5679f71\" data-element_type=\"container\" data-settings=\"{&quot;background_background&quot;:&quot;classic&quot;}\">\n\t\t\t\t\t<div class=\"e-con-inner\">\n\t\t\t\t<div class=\"elementor-element elementor-element-58863d2 elementor-widget elementor-widget-heading\" data-id=\"58863d2\" data-element_type=\"widget\" data-widget_type=\"heading.default\">\n\t\t\t\t<div class=\"elementor-widget-container\">\n\t\t\t\t\t<h2 class=\"elementor-heading-title elementor-size-default\">Zahlungsarten<\/h2>\t\t\t\t<\/div>\n\t\t\t\t<\/div>\n\t\t\t\t<div class=\"elementor-element elementor-element-a6840d5 elementor-widget elementor-widget-text-editor\" data-id=\"a6840d5\" data-element_type=\"widget\" data-widget_type=\"text-editor.default\">\n\t\t\t\t<div class=\"elementor-widget-container\">\n\t\t\t\t\t\t\t\t\t<p><strong>Bank\u00fcberweisung:<\/strong> \u00dcberweisung der Anzahlung, Anzahlung.<br \/><strong>Bargeld\/Karte:<\/strong> Betr\u00e4ge sind bei der Ankunft zu zahlen, Anzahlung.<br \/><strong>SZ\u00c9P-Karte:<\/strong> Sie k\u00f6nnen damit bei der Ankunft bezahlen.<\/p>\t\t\t\t\t\t\t\t<\/div>\n\t\t\t\t<\/div>\n\t\t\t\t\t<\/div>\n\t\t\t\t<\/div>\n\t\t<div class=\"elementor-element elementor-element-9eab7d7 e-flex e-con-boxed e-con e-parent\" data-id=\"9eab7d7\" data-element_type=\"container\">\n\t\t\t\t\t<div class=\"e-con-inner\">\n\t\t\t\t<div class=\"elementor-element elementor-element-08a0960 elementor-widget elementor-widget-heading\" data-id=\"08a0960\" data-element_type=\"widget\" data-widget_type=\"heading.default\">\n\t\t\t\t<div class=\"elementor-widget-container\">\n\t\t\t\t\t<h2 class=\"elementor-heading-title elementor-size-default\">Vorauszahlung<\/h2>\t\t\t\t<\/div>\n\t\t\t\t<\/div>\n\t\t\t\t<div class=\"elementor-element elementor-element-4b24b28 elementor-icon-list--layout-traditional elementor-list-item-link-full_width elementor-widget elementor-widget-icon-list\" data-id=\"4b24b28\" data-element_type=\"widget\" data-widget_type=\"icon-list.default\">\n\t\t\t\t<div class=\"elementor-widget-container\">\n\t\t\t\t\t\t\t<ul class=\"elementor-icon-list-items\">\n\t\t\t\t\t\t\t<li class=\"elementor-icon-list-item\">\n\t\t\t\t\t\t\t\t\t\t\t<span class=\"elementor-icon-list-icon\">\n\t\t\t\t\t\t\t<svg aria-hidden=\"true\" class=\"e-font-icon-svg e-fas-dollar-sign\" viewBox=\"0 0 288 512\" xmlns=\"http:\/\/www.w3.org\/2000\/svg\"><path d=\"M209.2 233.4l-108-31.6C88.7 198.2 80 186.5 80 173.5c0-16.3 13.2-29.5 29.5-29.5h66.3c12.2 0 24.2 3.7 34.2 10.5 6.1 4.1 14.3 3.1 19.5-2l34.8-34c7.1-6.9 6.1-18.4-1.8-24.5C238 74.8 207.4 64.1 176 64V16c0-8.8-7.2-16-16-16h-32c-8.8 0-16 7.2-16 16v48h-2.5C45.8 64-5.4 118.7.5 183.6c4.2 46.1 39.4 83.6 83.8 96.6l102.5 30c12.5 3.7 21.2 15.3 21.2 28.3 0 16.3-13.2 29.5-29.5 29.5h-66.3C100 368 88 364.3 78 357.5c-6.1-4.1-14.3-3.1-19.5 2l-34.8 34c-7.1 6.9-6.1 18.4 1.8 24.5 24.5 19.2 55.1 29.9 86.5 30v48c0 8.8 7.2 16 16 16h32c8.8 0 16-7.2 16-16v-48.2c46.6-.9 90.3-28.6 105.7-72.7 21.5-61.6-14.6-124.8-72.5-141.7z\"><\/path><\/svg>\t\t\t\t\t\t<\/span>\n\t\t\t\t\t\t\t\t\t\t<span class=\"elementor-icon-list-text\"><b>Anzahlungsbetrag:<\/b> 50 % des Gesamtbetrags<\/span>\n\t\t\t\t\t\t\t\t\t<\/li>\n\t\t\t\t\t\t\t\t<li class=\"elementor-icon-list-item\">\n\t\t\t\t\t\t\t\t\t\t\t<span class=\"elementor-icon-list-icon\">\n\t\t\t\t\t\t\t<svg aria-hidden=\"true\" class=\"e-font-icon-svg e-fas-dollar-sign\" viewBox=\"0 0 288 512\" xmlns=\"http:\/\/www.w3.org\/2000\/svg\"><path d=\"M209.2 233.4l-108-31.6C88.7 198.2 80 186.5 80 173.5c0-16.3 13.2-29.5 29.5-29.5h66.3c12.2 0 24.2 3.7 34.2 10.5 6.1 4.1 14.3 3.1 19.5-2l34.8-34c7.1-6.9 6.1-18.4-1.8-24.5C238 74.8 207.4 64.1 176 64V16c0-8.8-7.2-16-16-16h-32c-8.8 0-16 7.2-16 16v48h-2.5C45.8 64-5.4 118.7.5 183.6c4.2 46.1 39.4 83.6 83.8 96.6l102.5 30c12.5 3.7 21.2 15.3 21.2 28.3 0 16.3-13.2 29.5-29.5 29.5h-66.3C100 368 88 364.3 78 357.5c-6.1-4.1-14.3-3.1-19.5 2l-34.8 34c-7.1 6.9-6.1 18.4 1.8 24.5 24.5 19.2 55.1 29.9 86.5 30v48c0 8.8 7.2 16 16 16h32c8.8 0 16-7.2 16-16v-48.2c46.6-.9 90.3-28.6 105.7-72.7 21.5-61.6-14.6-124.8-72.5-141.7z\"><\/path><\/svg>\t\t\t\t\t\t<\/span>\n\t\t\t\t\t\t\t\t\t\t<span class=\"elementor-icon-list-text\"><b>Restbetrag:<\/b> Bei Ankunft zu zahlen<\/span>\n\t\t\t\t\t\t\t\t\t<\/li>\n\t\t\t\t\t\t<\/ul>\n\t\t\t\t\t\t<\/div>\n\t\t\t\t<\/div>\n\t\t\t\t<div class=\"elementor-element elementor-element-b00c3ac elementor-widget elementor-widget-text-editor\" data-id=\"b00c3ac\" data-element_type=\"widget\" data-widget_type=\"text-editor.default\">\n\t\t\t\t<div class=\"elementor-widget-container\">\n\t\t\t\t\t\t\t\t\t<p><strong>Die Reservierung ist erst nach \u00dcberweisung und Eingang der Anzahlung g\u00fcltig.<\/strong> Die f\u00fcr die \u00dcberweisung der Anzahlung erforderlichen Informationen werden Ihnen nach der Buchung per E-Mail zugesandt. Der Restbetrag ist bei Ankunft vor Ort zu bezahlen.<\/p>\t\t\t\t\t\t\t\t<\/div>\n\t\t\t\t<\/div>\n\t\t\t\t\t<\/div>\n\t\t\t\t<\/div>\n\t\t<div class=\"elementor-element elementor-element-c2b3a37 e-flex e-con-boxed e-con e-parent\" data-id=\"c2b3a37\" data-element_type=\"container\" data-settings=\"{&quot;background_background&quot;:&quot;classic&quot;}\">\n\t\t\t\t\t<div class=\"e-con-inner\">\n\t\t\t\t<div class=\"elementor-element elementor-element-b9b05a5 elementor-widget elementor-widget-heading\" data-id=\"b9b05a5\" data-element_type=\"widget\" data-widget_type=\"heading.default\">\n\t\t\t\t<div class=\"elementor-widget-container\">\n\t\t\t\t\t<h2 class=\"elementor-heading-title elementor-size-default\">Anzahlung<\/h2>\t\t\t\t<\/div>\n\t\t\t\t<\/div>\n\t\t\t\t<div class=\"elementor-element elementor-element-2526fa4 elementor-icon-list--layout-traditional elementor-list-item-link-full_width elementor-widget elementor-widget-icon-list\" data-id=\"2526fa4\" data-element_type=\"widget\" data-widget_type=\"icon-list.default\">\n\t\t\t\t<div class=\"elementor-widget-container\">\n\t\t\t\t\t\t\t<ul class=\"elementor-icon-list-items\">\n\t\t\t\t\t\t\t<li class=\"elementor-icon-list-item\">\n\t\t\t\t\t\t\t\t\t\t\t<span class=\"elementor-icon-list-icon\">\n\t\t\t\t\t\t\t<svg aria-hidden=\"true\" class=\"e-font-icon-svg e-fas-home\" viewBox=\"0 0 576 512\" xmlns=\"http:\/\/www.w3.org\/2000\/svg\"><path d=\"M280.37 148.26L96 300.11V464a16 16 0 0 0 16 16l112.06-.29a16 16 0 0 0 15.92-16V368a16 16 0 0 1 16-16h64a16 16 0 0 1 16 16v95.64a16 16 0 0 0 16 16.05L464 480a16 16 0 0 0 16-16V300L295.67 148.26a12.19 12.19 0 0 0-15.3 0zM571.6 251.47L488 182.56V44.05a12 12 0 0 0-12-12h-56a12 12 0 0 0-12 12v72.61L318.47 43a48 48 0 0 0-61 0L4.34 251.47a12 12 0 0 0-1.6 16.9l25.5 31A12 12 0 0 0 45.15 301l235.22-193.74a12.19 12.19 0 0 1 15.3 0L530.9 301a12 12 0 0 0 16.9-1.6l25.5-31a12 12 0 0 0-1.7-16.93z\"><\/path><\/svg>\t\t\t\t\t\t<\/span>\n\t\t\t\t\t\t\t\t\t\t<span class=\"elementor-icon-list-text\"><b>Hauskaution:<\/b> 400 Euro<\/span>\n\t\t\t\t\t\t\t\t\t<\/li>\n\t\t\t\t\t\t\t\t<li class=\"elementor-icon-list-item\">\n\t\t\t\t\t\t\t\t\t\t\t<span class=\"elementor-icon-list-icon\">\n\t\t\t\t\t\t\t<svg aria-hidden=\"true\" class=\"e-font-icon-svg e-fas-dog\" viewBox=\"0 0 576 512\" xmlns=\"http:\/\/www.w3.org\/2000\/svg\"><path d=\"M298.06,224,448,277.55V496a16,16,0,0,1-16,16H368a16,16,0,0,1-16-16V384H192V496a16,16,0,0,1-16,16H112a16,16,0,0,1-16-16V282.09C58.84,268.84,32,233.66,32,192a32,32,0,0,1,64,0,32.06,32.06,0,0,0,32,32ZM544,112v32a64,64,0,0,1-64,64H448v35.58L320,197.87V48c0-14.25,17.22-21.39,27.31-11.31L374.59,64h53.63c10.91,0,23.75,7.92,28.62,17.69L464,96h64A16,16,0,0,1,544,112Zm-112,0a16,16,0,1,0-16,16A16,16,0,0,0,432,112Z\"><\/path><\/svg>\t\t\t\t\t\t<\/span>\n\t\t\t\t\t\t\t\t\t\t<span class=\"elementor-icon-list-text\"><b>Bei Anreise mit Hund:<\/b> +200 Euro<\/span>\n\t\t\t\t\t\t\t\t\t<\/li>\n\t\t\t\t\t\t<\/ul>\n\t\t\t\t\t\t<\/div>\n\t\t\t\t<\/div>\n\t\t\t\t<div class=\"elementor-element elementor-element-1ce586e elementor-widget elementor-widget-text-editor\" data-id=\"1ce586e\" data-element_type=\"widget\" data-widget_type=\"text-editor.default\">\n\t\t\t\t<div class=\"elementor-widget-container\">\n\t\t\t\t\t\t\t\t\t<p>Aufgrund der teuren M\u00f6bel ist eine Kaution erforderlich. <strong>Die Zahlung kann bei der Ankunft in bar oder mit Karte erfolgen.<\/strong> Sofern kein Schaden entstanden ist, wird dieser dem Gast bei der Abreise \u00fcber die gew\u00e4hlte Zahlungsart erstattet.<\/p>\t\t\t\t\t\t\t\t<\/div>\n\t\t\t\t<\/div>\n\t\t\t\t\t<\/div>\n\t\t\t\t<\/div>\n\t\t<div class=\"elementor-element elementor-element-dbcbfc0 e-flex e-con-boxed e-con e-parent\" data-id=\"dbcbfc0\" data-element_type=\"container\">\n\t\t\t\t\t<div class=\"e-con-inner\">\n\t\t\t\t<div class=\"elementor-element elementor-element-1b03c5b elementor-widget elementor-widget-heading\" data-id=\"1b03c5b\" data-element_type=\"widget\" data-widget_type=\"heading.default\">\n\t\t\t\t<div class=\"elementor-widget-container\">\n\t\t\t\t\t<h2 class=\"elementor-heading-title elementor-size-default\">Energieverbrauch<\/h2>\t\t\t\t<\/div>\n\t\t\t\t<\/div>\n\t\t\t\t<div class=\"elementor-element elementor-element-f6a1847 elementor-widget elementor-widget-text-editor\" data-id=\"f6a1847\" data-element_type=\"widget\" data-widget_type=\"text-editor.default\">\n\t\t\t\t<div class=\"elementor-widget-container\">\n\t\t\t\t\t\t\t\t\t<p>Es ist wichtig zu wissen, dass es keine Beschr\u00e4nkungen gibt, aber <b>der Grundenergieverbrauch des Hauses ist auf 35 KWh festgelegt<\/b>. Der Stromverbrauch dar\u00fcber hinaus wird am Ende des Urlaubs abgerechnet. Der zus\u00e4tzliche Energieverbrauch wird zum aktuellen KWh-Preis berechnet, der von EON (Nationale Energieunternehmen) festgelegt wird. Dies bedeutet derzeit 70 HUF (0,2 EUR) \/KWh. Bei Ankunft und Abreise wird der Stromz\u00e4hler abgelesen, um den zus\u00e4tzlichen Verbrauch zu ermitteln, falls es \u00fcberhaupt einen gibt.\u00a0Sie werden nach nichts gefragt, Sie stellen die Temperatur im Haus oder im Pool ein und laden das Elektroauto so oft auf, wie Sie es ben\u00f6tigen.<\/p>\t\t\t\t\t\t\t\t<\/div>\n\t\t\t\t<\/div>\n\t\t\t\t\t<\/div>\n\t\t\t\t<\/div>\n\t\t\t\t<\/div>\n\t\t","protected":false},"excerpt":{"rendered":"<p>Preise Das LuxVil Apartmenthaus ist eine echte Four Seasons Wohnung, also wir warten auf Sie im Sommer und Winter, damit Sie sich wohlf\u00fchlen und sich ordentlich erholen k\u00f6nnen. Der Mietpreis richtet sich nach der aktuellen Saison. Wir akzeptieren die Sz\u00e9p Karte.\u00a0Wie andere Unterk\u00fcnfte verwenden auch wir saisonale Preise. Unsere aktuellen Preise k\u00f6nnen Sie auf der [&hellip;]<\/p>\n","protected":false},"author":2,"featured_media":0,"parent":0,"menu_order":0,"comment_status":"closed","ping_status":"closed","template":"","meta":{"footnotes":""},"class_list":["post-1287","page","type-page","status-publish","hentry","entry"],"_links":{"self":[{"href":"https:\/\/luxvil.hu\/de\/wp-json\/wp\/v2\/pages\/1287","targetHints":{"allow":["GET"]}}],"collection":[{"href":"https:\/\/luxvil.hu\/de\/wp-json\/wp\/v2\/pages"}],"about":[{"href":"https:\/\/luxvil.hu\/de\/wp-json\/wp\/v2\/types\/page"}],"author":[{"embeddable":true,"href":"https:\/\/luxvil.hu\/de\/wp-json\/wp\/v2\/users\/2"}],"replies":[{"embeddable":true,"href":"https:\/\/luxvil.hu\/de\/wp-json\/wp\/v2\/comments?post=1287"}],"version-history":[{"count":10,"href":"https:\/\/luxvil.hu\/de\/wp-json\/wp\/v2\/pages\/1287\/revisions"}],"predecessor-version":[{"id":2519,"href":"https:\/\/luxvil.hu\/de\/wp-json\/wp\/v2\/pages\/1287\/revisions\/2519"}],"wp:attachment":[{"href":"https:\/\/luxvil.hu\/de\/wp-json\/wp\/v2\/media?parent=1287"}],"curies":[{"name":"wp","href":"https:\/\/api.w.org\/{rel}","templated":true}]}}