{"id":1348,"date":"2022-07-23T12:43:32","date_gmt":"2022-07-23T12:43:32","guid":{"rendered":"https:\/\/luxvil.hu\/?page_id=1348"},"modified":"2023-07-12T08:04:05","modified_gmt":"2023-07-12T08:04:05","slug":"datenschutzerklaerung","status":"publish","type":"page","link":"https:\/\/luxvil.hu\/de\/datenschutzerklaerung\/","title":{"rendered":"Datenschutzerkl\u00e4rung"},"content":{"rendered":"\t\t<div data-elementor-type=\"wp-page\" data-elementor-id=\"1348\" class=\"elementor elementor-1348\" data-elementor-post-type=\"page\">\n\t\t\t\t<div class=\"elementor-element elementor-element-71e1c38 e-flex e-con-boxed e-con e-parent\" data-id=\"71e1c38\" data-element_type=\"container\">\n\t\t\t\t\t<div class=\"e-con-inner\">\n\t\t\t\t<div class=\"elementor-element elementor-element-5ef4456 elementor-widget elementor-widget-text-editor\" data-id=\"5ef4456\" data-element_type=\"widget\" data-widget_type=\"text-editor.default\">\n\t\t\t\t<div class=\"elementor-widget-container\">\n\t\t\t\t\t\t\t\t\t<h3><span style=\"font-size: 16px; text-align: var(--text-align); color: #3a3a3a;\">Datenverantwortlicher<\/span><\/h3><div><span style=\"font-size: 16px; text-align: var(--text-align);\"><b>Unsere Websites: <\/b>https:\/\/luxvil.hu, https:\/\/luxvil.de<\/span><\/div><p><b>Adresse: <\/b>Erd\u0151sor utca 62\/A, 8648 Balatonkereszt\u00far<br \/><b>Telefon:<\/b> +41 79 359 0715<br \/><b>E-Mail: <\/b>info@luxvil.hu<br \/><b>Inhaber: <\/b>David Berger<br \/><b>Steuernummer:<\/b> 57498838<br \/><b>NTak-Nummer:<\/b> MA21004997<br \/><b>HUF-Konto:<\/b> 11773494-01554849<br \/><b>HUF-IBAN:<\/b> HU16 1177 3494 0155 4849<br \/><b>EUR-IBAN: <\/b>HU88 1177 5496 6208 1885<br \/><b>Swift\/BIC-Code:<\/b> OTPVHUHB<\/p><h3>Kommentare<\/h3><p>Beim Absenden eines Kommentars werden neben den im Kommentarformular angegebenen Informationen auch die IP-Adresse des Kommentators und eine Zeichenkette zur Browseridentifikation zum Filtern unerw\u00fcnschter Inhalte erfasst.<\/p><p>Eine anonymisierte Zeichenkette (auch als Hash bezeichnet), die aus der E-Mail-Adresse erstellt wird, wird an den Gravatar-Dienst \u00fcbermittelt, sofern dieser auf der Website verwendet wird. Die Bedingungen des Gravatar-Dienstes k\u00f6nnen unter folgender Adresse eingesehen werden: https:\/\/automattic.com\/privacy\/. Nach der Freigabe des Kommentars wird der Kommentarinhalt und das Profilbild \u00f6ffentlich angezeigt.<\/p><p><span style=\"color: #333333; font-size: 24px; font-weight: bold; text-align: var(--text-align);\">Medien<\/span><\/p><p>Wenn ein registrierter Benutzer ein Bild auf der Website hochl\u00e4dt, sollten EXIF-Daten vermieden werden, die GPS-Positionsdaten enthalten. Die Besucher der Website k\u00f6nnen diese Daten aus den auf der Website ver\u00f6ffentlichten Bildern herunterladen und extrahieren.<\/p><p><span style=\"color: #333333; font-size: 24px; font-weight: bold; text-align: var(--text-align);\">Cookies<\/span><\/p><p>Wenn wir einen Kommentar auf der Website hinterlassen, werden der angegebene Name, die E-Mail-Adresse und die Website in Cookies gespeichert. Dies dient unserem Komfort, damit beim n\u00e4chsten Kommentieren diese Felder nicht erneut ausgef\u00fcllt werden m\u00fcssen. Die Cookies haben eine Laufzeit von einem Jahr.<\/p><p>Beim Besuch der Anmeldeseite werden tempor\u00e4re Cookies gesetzt, um festzustellen, ob der Browser Cookies akzeptiert. Diese Cookies enthalten keine pers\u00f6nlichen Informationen und werden gel\u00f6scht, sobald der Browser geschlossen wird.<\/p><p>Beim Anmelden auf der Website werden mehrere Cookies erstellt, die die Anmeldeinformationen und die Anzeigeoptionen des Editors speichern. Die Anmeldecookies sind zwei Tage lang g\u00fcltig, das Cookie f\u00fcr die Anzeigeoptionen des Editors ein Jahr lang. Wenn die Option &#8220;Angemeldet bleiben&#8221; ausgew\u00e4hlt wird, bleibt die Anmeldung zwei Wochen lang bestehen. Beim Abmelden werden die Anmeldecookies gel\u00f6scht.<\/p><p>Wenn wir einen Beitrag oder eine Seite bearbeiten, wird ein zus\u00e4tzliches Cookie in unserem Browser gespeichert. Dieses Cookie enth\u00e4lt keine personenbezogenen Daten, sondern nur die ID des Beitrags, den wir bearbeitet haben. Die G\u00fcltigkeit des Cookies betr\u00e4gt einen Tag.<\/p><h3>Eingebettete Inhalte von anderen Websites<\/h3><p>Die auf der Website ver\u00f6ffentlichten Beitr\u00e4ge k\u00f6nnen eingebettete Inhalte (z. B. Videos, Bilder, Artikel usw.) von externen Quellen enthalten. Diese eingebetteten Inhalte verhalten sich genauso, als ob wir eine andere Website besucht h\u00e4tten.<\/p><p>Diese Websites k\u00f6nnen Daten \u00fcber Besucher sammeln, Cookies verwenden, zus\u00e4tzliche Tracking-Dienste von Dritten einbetten und die Interaktion mit dem eingebetteten Inhalt \u00fcberwachen, einschlie\u00dflich der Interaktion mit dem eingebetteten Inhalt, wenn wir \u00fcber ein Benutzerkonto verf\u00fcgen und auf der Website angemeldet sind.<\/p><h3>Mit wem wir Ihre Daten teilen<\/h3><p>Wenn wir eine Passwort-Wiederherstellung anfordern, wird die IP-Adresse in der E-Mail enthalten sein. Bei Rechnungsstellung erfolgt dies im Abrechnungssystem. Bei iCal-Synchronisierung geschieht dies auf den Seiten, die zum Abschluss der Buchung erforderlich sind.<\/p><h3>Wie lange wir Ihre Daten speichern<\/h3><p>Wenn wir einen Kommentar hinterlassen, bleibt der Kommentar und seine Metadaten auf unbestimmte Zeit in unserem System. Dadurch wird sichergestellt, dass alle nachfolgenden Kommentare automatisch genehmigt werden, anstatt in einer Moderationswarteschlange zu landen.<\/p><p>Die personenbezogenen Daten von registrierten Benutzern auf der Website (sofern vorhanden) werden auch in ihrem Benutzerprofil gespeichert. Jeder Benutzer kann seine pers\u00f6nlichen Daten jederzeit einsehen, bearbeiten oder l\u00f6schen (mit Ausnahme des Benutzernamens). Die Administratoren der Website k\u00f6nnen diese Informationen ebenfalls einsehen und bearbeiten.<\/p><h3>Welche Rechte Sie an Ihren Daten haben<\/h3><p>F\u00fcr ein registriertes Konto auf der Website oder das Schreiben von Kommentaren k\u00f6nnen Sie eine Exportdatei Ihrer personenbezogenen Daten anfordern, einschlie\u00dflich aller Daten, die Sie uns zuvor zur Verf\u00fcgung gestellt haben. Sie k\u00f6nnen auch verlangen, dass wir alle zuvor von Ihnen angegebenen personenbezogenen Daten l\u00f6schen. Dies gilt nicht f\u00fcr Daten, die wir aus administrativen, rechtlichen oder sicherheitsrelevanten Gr\u00fcnden aufbewahren m\u00fcssen.<\/p><h3>Daten\u00fcbertragung<\/h3><p>Von Besuchern eingereichte Kommentare k\u00f6nnen automatisch von einem Spam-Filterdienst \u00fcberpr\u00fcft werden. Bei Rechnungsstellung erfolgt dies im Abrechnungssystem. Bei iCal-Synchronisierung geschieht dies auf den Seiten, die zum Abschluss der Buchung erforderlich sind.<\/p><h3>Hosting- und Domaindienstleister<\/h3><p><b>Firmenname:<\/b> RACKFOREST INFORMATIKAI KERESKEDELMI SZOLG\u00c1LTAT\u00d3 \u00c9S TAN\u00c1CSAD\u00d3 ZRT.<br \/><b>B\u00fcroadresse: <\/b>Victor Hugo utca 11, 1132 Budapest, 5. Stock<br \/><b>Serverraumadressen:<\/b> 18-22 Victor Hugo utca, 1132 Budapest, 3. Stock | 13 Asztalos S\u00e1ndor utca, 1087 Budapest | 2 Kozma utca, 1108 Budapest<br \/><b>Rechnungsadresse:<\/b> Victor Hugo utca 11, 1132 Budapest, 5. Stock, B05001<br \/><b>Steuernummer:<\/b> 32056842-2-41<br \/><b>Datenschutzbeauftragter: <\/b>Krisztina Sz\u0171cs<br \/><b>E-Mail:<\/b> info@rackforest.hu<br \/><b>Telefon: <\/b>+36 1 211 0044<\/p><h3>Weitere Links des Hosting-Anbieters:<\/h3><p><a href=\"https:\/\/rackforest.com\/kapcsolat\/adatvedelmi-iranyelvek\/\">Datenschutzrichtlinie<\/a><br \/><a href=\"https:\/\/rackforest.com\/wp-content\/uploads\/rackforest_tszf_v7_20220920.pdf\">Weitere Vertragsbedingungen<br \/><\/a><a href=\"https:\/\/rackforest.com\/wp-content\/uploads\/end-user-license-terms-2.pdf\">Microsoft-Endbenutzer-Lizenzvereinbarung<br \/><\/a><a href=\"https:\/\/rackforest.com\/wp-content\/uploads\/rf-0501-vezetoi_elkotelezettseg.pdf\">Management Commitment<\/a><\/p>\t\t\t\t\t\t\t\t<\/div>\n\t\t\t\t<\/div>\n\t\t\t\t\t<\/div>\n\t\t\t\t<\/div>\n\t\t\t\t<\/div>\n\t\t","protected":false},"excerpt":{"rendered":"<p>Datenverantwortlicher Unsere Websites: https:\/\/luxvil.hu, https:\/\/luxvil.de Adresse: Erd\u0151sor utca 62\/A, 8648 Balatonkereszt\u00farTelefon: +41 79 359 0715E-Mail: info@luxvil.huInhaber: David BergerSteuernummer: 57498838NTak-Nummer: MA21004997HUF-Konto: 11773494-01554849HUF-IBAN: HU16 1177 3494 0155 4849EUR-IBAN: HU88 1177 5496 6208 1885Swift\/BIC-Code: OTPVHUHB Kommentare Beim Absenden eines Kommentars werden neben den im Kommentarformular angegebenen Informationen auch die IP-Adresse des Kommentators und eine Zeichenkette zur Browseridentifikation zum [&hellip;]<\/p>\n","protected":false},"author":2,"featured_media":0,"parent":0,"menu_order":0,"comment_status":"closed","ping_status":"open","template":"","meta":{"footnotes":""},"class_list":["post-1348","page","type-page","status-publish","hentry","entry"],"_links":{"self":[{"href":"https:\/\/luxvil.hu\/de\/wp-json\/wp\/v2\/pages\/1348","targetHints":{"allow":["GET"]}}],"collection":[{"href":"https:\/\/luxvil.hu\/de\/wp-json\/wp\/v2\/pages"}],"about":[{"href":"https:\/\/luxvil.hu\/de\/wp-json\/wp\/v2\/types\/page"}],"author":[{"embeddable":true,"href":"https:\/\/luxvil.hu\/de\/wp-json\/wp\/v2\/users\/2"}],"replies":[{"embeddable":true,"href":"https:\/\/luxvil.hu\/de\/wp-json\/wp\/v2\/comments?post=1348"}],"version-history":[{"count":13,"href":"https:\/\/luxvil.hu\/de\/wp-json\/wp\/v2\/pages\/1348\/revisions"}],"predecessor-version":[{"id":2285,"href":"https:\/\/luxvil.hu\/de\/wp-json\/wp\/v2\/pages\/1348\/revisions\/2285"}],"wp:attachment":[{"href":"https:\/\/luxvil.hu\/de\/wp-json\/wp\/v2\/media?parent=1348"}],"curies":[{"name":"wp","href":"https:\/\/api.w.org\/{rel}","templated":true}]}}