{"id":1415,"date":"2023-06-26T11:45:39","date_gmt":"2023-06-26T11:45:39","guid":{"rendered":"https:\/\/luxvil.hu\/?page_id=1415"},"modified":"2024-01-13T14:16:21","modified_gmt":"2024-01-13T14:16:21","slug":"stornierungsbedingungen","status":"publish","type":"page","link":"https:\/\/luxvil.hu\/de\/stornierungsbedingungen\/","title":{"rendered":"Stornierungsbedingungen"},"content":{"rendered":"\t\t<div data-elementor-type=\"wp-page\" data-elementor-id=\"1415\" class=\"elementor elementor-1415\" data-elementor-post-type=\"page\">\n\t\t\t\t<div class=\"elementor-element elementor-element-a76d3aa e-flex e-con-boxed e-con e-parent\" data-id=\"a76d3aa\" data-element_type=\"container\">\n\t\t\t\t\t<div class=\"e-con-inner\">\n\t\t\t\t<div class=\"elementor-element elementor-element-a05608a elementor-widget elementor-widget-text-editor\" data-id=\"a05608a\" data-element_type=\"widget\" data-widget_type=\"text-editor.default\">\n\t\t\t\t<div class=\"elementor-widget-container\">\n\t\t\t\t\t\t\t\t\t<p><strong>Bei Stornierung der Buchung k\u00f6nnen wir:<\/strong><br>&#8211; bis 30 Tage vor Beginn des gebuchten Ankunftsdatums kostenlos stornieren und wir erstatten den vollen Betrag ohne Abzug.<br>&#8211; innerhalb von 30 Tagen keine R\u00fcckerstattung leisten.<\/p>\n<p>Stornierungen m\u00fcssen schriftlich, per E-Mail, erfolgen. Nat\u00fcrlich k\u00f6nnen Sie uns auch telefonisch informieren,&nbsp;aber wir ben\u00f6tigen trotzdem eine schriftliche Best\u00e4tigung.<\/p>\t\t\t\t\t\t\t\t<\/div>\n\t\t\t\t<\/div>\n\t\t\t\t\t<\/div>\n\t\t\t\t<\/div>\n\t\t\t\t<\/div>\n\t\t","protected":false},"excerpt":{"rendered":"<p>Bei Stornierung der Buchung k\u00f6nnen wir:&#8211; bis 30 Tage vor Beginn des gebuchten Ankunftsdatums kostenlos stornieren und wir erstatten den vollen Betrag ohne Abzug.&#8211; innerhalb von 30 Tagen keine R\u00fcckerstattung leisten. Stornierungen m\u00fcssen schriftlich, per E-Mail, erfolgen. Nat\u00fcrlich k\u00f6nnen Sie uns auch telefonisch informieren,&nbsp;aber wir ben\u00f6tigen trotzdem eine schriftliche Best\u00e4tigung.<\/p>\n","protected":false},"author":2,"featured_media":0,"parent":0,"menu_order":0,"comment_status":"closed","ping_status":"closed","template":"","meta":{"footnotes":""},"class_list":["post-1415","page","type-page","status-publish","hentry","entry"],"_links":{"self":[{"href":"https:\/\/luxvil.hu\/de\/wp-json\/wp\/v2\/pages\/1415","targetHints":{"allow":["GET"]}}],"collection":[{"href":"https:\/\/luxvil.hu\/de\/wp-json\/wp\/v2\/pages"}],"about":[{"href":"https:\/\/luxvil.hu\/de\/wp-json\/wp\/v2\/types\/page"}],"author":[{"embeddable":true,"href":"https:\/\/luxvil.hu\/de\/wp-json\/wp\/v2\/users\/2"}],"replies":[{"embeddable":true,"href":"https:\/\/luxvil.hu\/de\/wp-json\/wp\/v2\/comments?post=1415"}],"version-history":[{"count":7,"href":"https:\/\/luxvil.hu\/de\/wp-json\/wp\/v2\/pages\/1415\/revisions"}],"predecessor-version":[{"id":3179,"href":"https:\/\/luxvil.hu\/de\/wp-json\/wp\/v2\/pages\/1415\/revisions\/3179"}],"wp:attachment":[{"href":"https:\/\/luxvil.hu\/de\/wp-json\/wp\/v2\/media?parent=1415"}],"curies":[{"name":"wp","href":"https:\/\/api.w.org\/{rel}","templated":true}]}}