{"id":596,"date":"2023-06-10T17:12:41","date_gmt":"2023-06-10T17:12:41","guid":{"rendered":"https:\/\/luxvil.hu\/?page_id=596"},"modified":"2024-07-15T09:53:35","modified_gmt":"2024-07-15T09:53:35","slug":"hausordnung","status":"publish","type":"page","link":"https:\/\/luxvil.hu\/de\/hausordnung\/","title":{"rendered":"Hausordnung"},"content":{"rendered":"\t\t<div data-elementor-type=\"wp-page\" data-elementor-id=\"596\" class=\"elementor elementor-596\" data-elementor-post-type=\"page\">\n\t\t\t\t<div class=\"elementor-element elementor-element-94e21ce e-flex e-con-boxed e-con e-parent\" data-id=\"94e21ce\" data-element_type=\"container\">\n\t\t\t\t\t<div class=\"e-con-inner\">\n\t\t\t\t<div class=\"elementor-element elementor-element-929d44f elementor-widget elementor-widget-text-editor\" data-id=\"929d44f\" data-element_type=\"widget\" data-widget_type=\"text-editor.default\">\n\t\t\t\t<div class=\"elementor-widget-container\">\n\t\t\t\t\t\t\t\t\t<p><b>Hausordnung LuxVil Apartmenthaus<br><\/b><i>Bitte lesen Sie dies, damit Sie und die anderen G\u00e4ste ungest\u00f6rt entspannen k\u00f6nnen.<\/i><\/p>\n<p>Das LuxVil Apartmenthaus wurde mit dem Ziel errichtet, dass Sie sich w\u00e4hrend Ihrer Erholungszeit wohl f\u00fchlen. Als&nbsp;Betreiber tun wir alles, um eine friedliche und freundliche Umgebung zu schaffen, und damit Sie Ihren Urlaub am&nbsp;Plattensee und unsere Dienstleistungen voll genie\u00dfen k\u00f6nnen.&nbsp;Kurz gesagt, das Wichtigste: F\u00fchlen Sie sich wie zu Hause und tun Sie nichts, was Sie in Ihrer eigenen Wohnung,<\/p>\n<p>Ihrem Haus, Ihrem Garten nicht tun w\u00fcrden!<\/p>\n<p>Um das Haus, die M\u00f6bel, den Garten und den Pool in gutem Zustand, sauber und ordentlich zu halten, bitten wir Sie,&nbsp;diese in dem Zustand zu verlassen, in dem Sie sie bei Ihrer Ankunft vorgefunden haben. Wenn Sie einen Fehler oder&nbsp;ein Problem bemerken, wenden Sie sich bitte sofort an uns!<\/p>\n<h2>1. Check-In \/ Check-Out<\/h2>\n<p>1.1. Bei der Anmeldung muss jeder Gast ein Registrierungsformular ausf\u00fcllen, das wir anhand der Fotodokumente&nbsp;\u00fcberpr\u00fcfen m\u00fcssen.<br>1.2. Das Haus kann am Tag der Ankunft ab 15:00 Uhr bezogen und am Tag der Abreise bitten wir Sie, es bis 10:00&nbsp;Uhr zu verlassen.<br>1.3. Wenn Sie andere W\u00fcnsche bez\u00fcglich der An- und Abreisezeit haben, k\u00f6nnen wir das nat\u00fcrlich auch&nbsp;arrangieren, aber wir bitten Sie, dies idealerweise zum Zeitpunkt der Buchung abzustimmen. Wenn ein sp\u00e4ter&nbsp;Check-out das Reinigungspersonal st\u00f6rt, berechnen wir eine Geb\u00fchr von 50 EUR pro Stunde. Dies gilt nur,&nbsp;wenn die n\u00e4chste G\u00e4stegruppe aufgrund von Ihnen warten muss.<br>1.4. Wir begleiten immer die Ankunft und Abreise. Eine Abreise ohne Absprache kann Probleme verursachen, da&nbsp;der Check-out die \u00dcberpr\u00fcfung der im Haus befindlichen Gegenst\u00e4nde und den Zustand des Hauses sowie die&nbsp;R\u00fcckzahlung der Kaution beinhaltet.<br>1.5. Wenn Sie vor dem Ende des gebuchten Urlaubs abreisen, k\u00f6nnen wir die Unterkunftskosten nicht erstatten.<br>1.6. Bitte kommen Sie nicht mit mehr Personen, als Sie bei der Buchung angegeben haben!<br>1.7. Das Apartment wird nur an Personen vermietet, die sich kennen. Fremde Personen, fremde Familien werden&nbsp;nicht gleichzeitig im Haus sein. Gelegenheitsbesucher k\u00f6nnen nur mit Wissen und Zustimmung des Vermieters&nbsp;empfangen werden.<\/p>\n<h2>2. Zahlung \/ Rechnungsstellung<\/h2>\n<p>2.1. Bitte begleichen Sie den Preis f\u00fcr den Buchungszeitraum per \u00dcberweisung vor der Ankunft.<br>2.2. Um die Unterkunft zu buchen, muss 50% des Gesamtbetrags auf unseres Konto eingehen. Danach betrachten&nbsp;wir die Buchung als garantiert.<br>2.3. Bei der Ankunft muss eine Kaution von 150.- EUR gezahlt werden. Die Kaution kann in bar oder per Kreditkarte&nbsp;(Visa, American Express, Mastercard usw.) oder Debitkarte, einschlie\u00dflich ausl\u00e4ndischer Karten, gezahlt&nbsp;werden.<br>2.4. Wenn Sie die Kaution mit der Karte bezahlen, ist der Betrag immer in EUR zu verstehen.<br>2.5. Es besteht die M\u00f6glichkeit einer sofortigen Bank\u00fcberweisung, aber nur, wenn keine internationale Transaktion&nbsp;gestartet wird. Dadurch gelangt der Betrag sofort auf unser Konto.<br>2.6. Die Kaution wird beim Check-out, bei der Abreise, zur\u00fcckerstattet.<\/p>\n<h2>3. Urlaub mit Kindern<\/h2>\n<p>3.1. Die Dienstleistungen des LuxVil Apartmenthauses k\u00f6nnen von Kindern unter 18 Jahren nur in Anwesenheit von&nbsp;Eltern oder einer vollj\u00e4hrigen, gesch\u00e4ftsf\u00e4higen Person in Anspruch genommen werden.<br>3.2. Die Begleiter des Kindes sind f\u00fcr eventuell durch das Kind verursachte Sch\u00e4den verantwortlich.<\/p>\n<h2>4. Mietkosten<\/h2>\n<p>4.1. Es ist m\u00f6glich, das LuxVil Apartment nur f\u00fcr ein Wochenende zu mieten, aber in diesem Fall m\u00fcssen Sie mit&nbsp;zus\u00e4tzlichen Kosten rechnen.<br>4.2. In der Regel betr\u00e4gt die Mindestmietdauer 1 Woche, und Sie sollten mit den folgenden Kosten rechnen:<br>4.3. Die Berechnung der Kosten ist einfach. Wir vermieten immer das gesamte Apartment, und immer gilt der&nbsp;aktuelle Tagespreis.<br>4.4. Es steht t\u00e4glich eine bestimmte Menge Energie zur Verf\u00fcgung, die in der Miete enthalten ist.<br>4.5. Der durchschnittliche Tagesverbrauch ist auf 35 kWh festgelegt, einschlie\u00dflich des durchschnittlichen&nbsp;Gebrauchs von Haushaltsger\u00e4ten und des Betriebs des Pools.<br>4.6. Wenn der Durchschnittsverbrauch nicht ausreicht, k\u00f6nnen Sie die Klimaanlagen und die ElektroautoLadestation wie gew\u00fcnscht nutzen, und Sie k\u00f6nnen die Pooltemperatur auf den gew\u00fcnschten Wert einstellen.&nbsp;In diesem Fall muss der \u00fcberdurchschnittliche Energieverbrauch am Ende des Aufenthalts zum aktuellen&nbsp;Energiepreis ausgeglichen werden.<br>4.7. Wir machen keinen Gewinn aus dem zus\u00e4tzlichen Energieverbrauch, Sie m\u00fcssen nur die Stromkosten unseres&nbsp;Energieversorgers bezahlen. Dies betr\u00e4gt 1 kWh 70 HUF (0,2 EUR) &#8211; Stand 14.05.2023.<br>4.8. Bei einer Mietdauer von weniger als 1 Woche muss der Gast die Reinigungskosten \u00fcbernehmen. Dies bedeutet&nbsp;pro Etage Kosten von 100 EUR.<\/p><h2>5. Stornierungsbedingungen<\/h2><p>5.1. Im Falle einer Stornierung der Buchung gelten folgende Bedingungen:<br>&#8211; Bis zu 30 Tage vor dem festgelegten Urlaubsbeginn kann kostenlos storniert werden, und der volle Betrag&nbsp;wird ohne Abz\u00fcge erstattet.<br>&#8211; Innerhalb von 30 Tagen vor Urlaubsbeginn kann keine R\u00fcckerstattung geleistet werden.<br>5.2. Stornierungen m\u00fcssen schriftlich, per E-Mail, erfolgen. Nat\u00fcrlich k\u00f6nnen Sie uns auch telefonisch informieren,&nbsp;aber wir ben\u00f6tigen trotzdem eine schriftliche Best\u00e4tigung.<\/p><h2>6. Nutzung der Parkpl\u00e4tze<\/h2><p>6.1. Der innere, geschlossene Parkplatz darf nur von unseren G\u00e4sten genutzt werden.<br>6.2. Parken ist nur auf den daf\u00fcr vorgesehenen Fl\u00e4chen m\u00f6glich. Das Parken auf dem Rasen, auf Gehwegen und&nbsp;\u00fcberall sonst ist verboten.<br>6.3. Es ist verboten, Wartungsarbeiten am Fahrzeug auf dem Parkplatz durchzuf\u00fchren.<\/p><h2>7. Reinigung<\/h2><p>7.1. Wir \u00fcbergeben das Haus, den Garten, den Grill und den Pool immer gereinigt.<br>7.2. Wenn Sie bei Ihrer Ankunft ein Sauberkeitsproblem feststellen, informieren Sie uns bitte sofort, da wir&nbsp;nachtr\u00e4gliche Beschwerden nicht akzeptieren k\u00f6nnen.<br>7.3. Die w\u00f6chentliche Grundreinigung ist kostenlos. Den Termin stimmen wir mit Ihnen ab. Zus\u00e4tzlich zur Reinigung&nbsp;werden alle Bettw\u00e4sche und Handt\u00fccher gewechselt.<br>7.4. Die w\u00f6chentliche Grundreinigung ist kostenlos. Wir stimmen den Zeitpunkt mit Ihnen ab. Sie k\u00f6nnen jedoch&nbsp;eine zus\u00e4tzliche sogar t\u00e4gliche Reinigung beantragen, deren Kosten pro Etage 75 EUR und f\u00fcr das gesamte&nbsp;Haus 150 EUR betragen. Wenn nur eine allgemeine, kleinere Reinigung ben\u00f6tigt wird, betr\u00e4gt der Preis 50 EUR&nbsp;pro Etage, d.h. die gesamte kleine Reinigung des Hauses kostet 100 EUR.<\/p><h2>8. Rauchen und offenes Feuer sind im gesamten Haus strengstens VERBOTEN!<\/h2><p>8.1. Es gibt einen ausgewiesenen Raucherbereich (Balkon, Garten), dort ist Rauchen erlaubt. Bitte entsorgen Sie&nbsp;Zigarettenstummel ausschlie\u00dflich in den daf\u00fcr vorgesehenen M\u00fclleimern, um Sauberkeit zu gew\u00e4hrleisten.<br>8.2. Wenn wegen unerlaubtem Rauchen gesetzliche Ma\u00dfnahmen gegen den Vermieter eingeleitet werden, muss&nbsp;der Gesetzesbrecher die Kosten (die verh\u00e4ngte Geldstrafe) erstatten.<br>8.3. Es ist m\u00f6glich, im Freien zu kochen und zu grillen, jedoch nur mit den vom Vermieter zur Verf\u00fcgung gestellten&nbsp;geeigneten Ger\u00e4ten an einem ausgewiesenen Platz im Garten.<\/p><h2>9. Nutzung des LuxVil Apartmenthauses<\/h2><p>9.1. Bei Ankunft und Abfahrt \u00fcbergeben wir das Haus und den Garten mit der entsprechenden&nbsp;Inventarausstattung, sauber, unbesch\u00e4digt und vollst\u00e4ndig und erwarten es in demselben Zustand zur\u00fcck. Bitte&nbsp;verwenden Sie Einrichtungsgegenst\u00e4nde, M\u00f6bel und K\u00fcchenger\u00e4te ordnungsgem\u00e4\u00df. Wir berechnen bei Ihrer&nbsp;Abreise die Kosten f\u00fcr St\u00f6rungen aufgrund unsachgem\u00e4\u00dfer Nutzung oder m\u00f6gliche Verluste.<br>9.2. Aus hygienischen Gr\u00fcnden ist es verboten, die Einrichtung und Ausstattung der Zimmer, einschlie\u00dflich&nbsp;Handt\u00fccher, Decken, Bettw\u00e4sche usw., aus dem Haus zu entfernen!<br>9.3. Bitte melden Sie uns sofort jeden Betriebsausfall oder Ausfall einer Einrichtung im Haus.<br>9.4. Die Nutzung der Gartenausstattung, des Pools und des Hauses erfolgt auf eigene Verantwortung.<br>9.5. Es ist verboten, leicht entflammbare oder explosive Materialien in den Zimmern zu lagern oder zu verwenden&nbsp;und Kaffeemaschinen, Wasserkocher, B\u00fcgeleisen und andere elektrische Ger\u00e4te zu verwenden. Dies ist in den&nbsp;K\u00fcchen m\u00f6glich.<\/p><h2>10. Wifi, Internetzugang<\/h2><p>10.1. Wir bieten unseren G\u00e4sten kostenloses WI-FI, dessen Passwort wir bei der Anmeldung zur Verf\u00fcgung stellen.<br>10.2. Der Anbieter garantiert die Qualit\u00e4t des Internetzugangs, die St\u00e4rke der Verbindung, den kontinuierlichen,&nbsp;unterbrechungsfreien Betrieb und die Verf\u00fcgbarkeit des WiFis.<br>10.3. Der Gebrauch des WiFi f\u00fcr illegale Aktivit\u00e4ten ist strengstens verboten.<br>10.4. Der Betreiber kann nicht f\u00fcr Sch\u00e4den verantwortlich gemacht werden, die w\u00e4hrend oder infolge der Nutzung&nbsp;des WiFi an der Ausr\u00fcstung oder dessen Inhalt oder Sicherheit des Gastes entstanden sind. Die Nutzung des&nbsp;Dienstes erfolgt auf eigene Verantwortung.<\/p><h2>11. Abfallentsorgung:<\/h2><p>11.1. Bitte nutzen Sie f\u00fcr die Sammlung von Haushaltsabf\u00e4llen die M\u00fclleimer in der K\u00fcche und im Badezimmer,&nbsp;ausschlie\u00dflich mit M\u00fclls\u00e4cken ausgekleidet.<\/p><h2>12. G\u00e4ste, die mit Hunden und Haustieren anreisen<\/h2><p>12.1. Wir sind eine tierfreundliche Unterkunft, wir lieben Tiere und bitten daher unsere G\u00e4ste, die mit Hunden&nbsp;anreisen, die Hausordnung einzuhalten:<br>&#8211; Der Hund sollte nicht unbeaufsichtigt Zugang zu \u00f6ffentlichen Bereichen haben. Er sollte nicht in andere&nbsp;H\u00e4user gelangen und die Ruhe anderer G\u00e4ste nicht st\u00f6ren.<br>&#8211; Es ist verboten, den Hund in den Pool zu lassen, zu schwimmen oder zu baden!<br>12.2. F\u00fcr von dem Hund verursachte Sch\u00e4den (im Garten und im Haus gleicherma\u00dfen) ist der Besitzer des Tieres&nbsp;oder die Person, die es mitgebracht hat, verantwortlich.<br>12.3. Bitte bringen Sie das Gesundheits- und Impfbuch des Hundes mit.<br>12.4. Der Tierhalter ist verpflichtet, den Kot des Hundes sofort aufzunehmen und in einem verschlossenen Beutel&nbsp;in den M\u00fcll zu werfen.<br>12.5. Bitte bringen Sie in jedem Fall die sicherheitsrelevanten und weiteren Zusatzausr\u00fcstungen f\u00fcr Ihr Tier mit.<br>12.6. Die Ausstattung des Hauses beinhaltet erhebliche Kosten. Das Mitbringen von Tieren in die Unterkunft ist nur&nbsp;gegen eine zus\u00e4tzliche Kaution von 100 EUR m\u00f6glich.<\/p><h2>13. Kameras auf dem Gel\u00e4nde<\/h2><p>13.1. Das Kamerasystem ist in zwei Teile unterteilt:<br>&#8211; St\u00e4ndiges Streamen oder \u00dcberwachung der folgenden Bereiche:&nbsp;Vorderzaun, Waschk\u00fcche, Dachboden, Pool-Service-Haus<br>&#8211; Nur lokale Aufzeichnung der folgenden Kameras:&nbsp;Pool und Pergola Bereich &#8211; dies sind v\u00f6llig private Bereiche f\u00fcr G\u00e4ste.<br>13.2. Das Signal wird bei der lokalen Aufzeichnung nicht ins Internet gesendet. Wenn ein Online-Streaming&nbsp;stattfindet, leuchtet die rote Lampe \u00fcber der Waschk\u00fcchent\u00fcr. Diese Kameras kann der Betreiber nur mit&nbsp;Erlaubnis der G\u00e4ste einschalten.<br>13.3. Wir respektieren die Privatsph\u00e4re und jegliche \u00dcberwachung der G\u00e4ste ist uns untersagt.<br>13.4. Die Aufnahmen werden innerhalb einer Woche nach dem Abreisetag gel\u00f6scht, sofern alles in Ordnung war.&nbsp;Die Aufnahmen d\u00fcrfen nur im Falle eines Problems vom Betreiber oder von jemand anderem eingesehen&nbsp;werden. Die Verwendung und Ansicht der Aufnahmen erfordert die Einhaltung gesetzlicher Richtlinien vom&nbsp;Betreiber.<br>13.5. Im Haus befinden sich Rauch-, Kohlenmonoxid-, Schimmel- und Bewegungssensoren als Teil der&nbsp;Sicherheitsausr\u00fcstung.<br>13.6. Jegliche Bild- oder Tonaufnahmen oder jegliche \u00dcberwachung sind uns nicht gestattet.<\/p><h2>14. Die Ruhe der Nachbarn und der Umgebung<\/h2><p>14.1. L\u00e4rm, Musik, l\u00e4rmintensive Aktivit\u00e4ten, st\u00f6rende Lautst\u00e4rke beim Musikh\u00f6ren, Fernsehen, Radio usw., die die&nbsp;Ruhe der Nachbarn st\u00f6ren k\u00f6nnten, sind zwischen 22:00 und 8:00 Uhr verboten.<br>14.2. Wir sind ein ruhiger, friedlicher Ort, daher ist jedes Verhalten oder Benehmen, das die Ruhe, Sicherheit, das&nbsp;Sicherheitsgef\u00fchl oder die Privatsph\u00e4re anderer st\u00f6rt, zu jeder Zeit verboten.<br>14.3. Ein Mitarbeiter des Betreibers hat das Recht, den st\u00f6renden und\/oder l\u00e4rmenden Gast zu verwarnen. Die&nbsp;erste Verwarnung ist kostenlos, f\u00fcr die zweite und dritte Verwarnung belastet der Betreiber die Rechnung des&nbsp;verwarnenden Gastes mit jeweils 20 EUR. Nach der dritten Verwarnung hat der Betreiber das Recht, den Gast&nbsp;unverz\u00fcglich und ohne R\u00fcckerstattungs- und\/oder Schadensersatzpflicht aus dem G\u00e4stehaus auszuweisen.<br>14.4. Der Betreiber lehnt jegliche Verantwortung f\u00fcr jeglichen Schaden ab, den das Verhalten des Gastes einem&nbsp;anderen Gast zuf\u00fcgt.&nbsp;<br>14.5. Jegliche wirtschaftliche T\u00e4tigkeit oder politische oder soziale Demonstrationen, ihre Vorbereitung und&nbsp;Werbung sind auf dem Gel\u00e4nde der Unterkunft nicht gestattet.<br>14.6. In Fragen, die nicht durch die Hausordnung geregelt sind, gelten die einschl\u00e4gigen Gesetze des&nbsp;Zivilgesetzbuches.<\/p><h2>15. Die Instandhaltung<\/h2><p>15.1. Das Gel\u00e4nde darf nur mit Erlaubnis der G\u00e4ste vom Betreiber oder von jemand anderem betreten werden. Die&nbsp;G\u00e4ste m\u00fcssen jedoch in den folgenden Situationen die zust\u00e4ndigen Personen auf das Gel\u00e4nde lassen:<br>&#8211; Poolpfleger, dies kann bis zu zweimal pro Woche auf dem Hofgebiet sein.<br>&#8211; Die Reinigungskraft f\u00fcr den Waschk\u00fcchenbereich, sie betritt das Haus nicht.<br>&#8211; Wasser-, Strom-, Gas- Service-Mitarbeiter auf dem Hofgel\u00e4nde.<br>&#8211; Bei vorher vereinbarten Terminen einen Fachmann im Falle einer Panne ins Haus.<br>15.2. Ohne Vorank\u00fcndigung oder Klingeln ist es dem Betreiber oder jedem anderen nicht gestattet, das&nbsp;Grundst\u00fcck zu betreten, au\u00dfer den G\u00e4sten.<\/p><h2>16. Waschm\u00f6glichkeit<\/h2><p>In unserem Apartment erwarten wir unsere lieben G\u00e4ste mit einer komfortablen Waschk\u00fcche, in der 2&nbsp;Waschmaschinen und 2 Trockner f\u00fcr Sie bereitstehen. Bei der ersten Nutzung stellen wir eine kleine Menge&nbsp;Waschmittel zur Verf\u00fcgung, aber wenn Sie eine gr\u00f6\u00dfere Menge an Kleidung waschen m\u00f6chten, m\u00fcssen Sie selbst f\u00fcr&nbsp;die Beschaffung des ben\u00f6tigten Waschmittels sorgen. Ein B\u00fcgeleisen sowie ein dazugeh\u00f6riges B\u00fcgelbrett stehen&nbsp;ebenfalls zur Verf\u00fcgung.<br>Die Nutzung der Waschk\u00fcche ist kostenlos. Wir bitten Sie, die Ger\u00e4te und den Raum sauber zu halten. Wenn Sie&nbsp;Probleme oder Fragen zur Einstellung haben, wenden Sie sich bitte an den Hausverwalter. Wir stehen Ihnen gerne in&nbsp;allen Belangen zur Verf\u00fcgung!<\/p><h2>17. Verschiedenes:<\/h2><p>17.1. Die Verwendung der Elektroauto-Ladestation ist nur Personen \u00fcber 18 Jahren gestattet.<br>17.2. Wir k\u00f6nnen vergessene Wertsachen 2 Monate lang aufbewahren, und wenn sie uns innerhalb der&nbsp;angegebenen Frist mitgeteilt werden, senden wir sie an die angegebene Adresse. Nat\u00fcrlich, wenn wir wissen,&nbsp;wer sie dort gelassen hat, nehmen wir sofort Kontakt mit Ihnen auf.<br>17.3. Wir m\u00f6chten darauf hinweisen, dass der Vermieter keine Verantwortung \u00fcbernehmen und keine&nbsp;Entsch\u00e4digung f\u00fcr Sch\u00e4den zahlen kann, die aus Ereignissen resultieren, die au\u00dferhalb seiner Kontrolle liegen&nbsp;(z. B. Naturkatastrophen, Hagel, Feuer, Stromausfall, Besch\u00e4digungen auf dem Parkplatz usw.).<br>17.4. Der Vermieter beh\u00e4lt sich das Recht vor, G\u00e4ste, die sich skandal\u00f6s verhalten oder die Hausordnung nicht&nbsp;einhalten, abzulehnen oder sofort von der Unterkunft zu entfernen.<\/p><h2>18. Erreichbarkeit:<\/h2><p>Unser Apartmenthaus bietet w\u00e4hrend Ihres Aufenthaltes einen <b>24-Stunden-Notdienst<\/b> (auf Ungarisch,&nbsp;<span style=\"font-size: 17px; text-align: var(--text-align);\">Deutsch und Englisch). Bei ernsthaften Problemen k\u00f6nnen Sie uns jederzeit unter beiden&nbsp;<\/span><span style=\"font-size: 17px; text-align: var(--text-align);\">Telefonnummern erreichen (siehe Kopfzeile).<\/span><\/p><p><b><i>Wir w\u00fcnschen Ihnen eine gute Erholung und eine angenehme Zeit!<\/i><\/b><\/p>\t\t\t\t\t\t\t\t<\/div>\n\t\t\t\t<\/div>\n\t\t\t\t\t<\/div>\n\t\t\t\t<\/div>\n\t\t\t\t<\/div>\n\t\t","protected":false},"excerpt":{"rendered":"<p>Hausordnung LuxVil ApartmenthausBitte lesen Sie dies, damit Sie und die anderen G\u00e4ste ungest\u00f6rt entspannen k\u00f6nnen. Das LuxVil Apartmenthaus wurde mit dem Ziel errichtet, dass Sie sich w\u00e4hrend Ihrer Erholungszeit wohl f\u00fchlen. Als&nbsp;Betreiber tun wir alles, um eine friedliche und freundliche Umgebung zu schaffen, und damit Sie Ihren Urlaub am&nbsp;Plattensee und unsere Dienstleistungen voll genie\u00dfen k\u00f6nnen.&nbsp;Kurz [&hellip;]<\/p>\n","protected":false},"author":2,"featured_media":0,"parent":0,"menu_order":0,"comment_status":"closed","ping_status":"closed","template":"","meta":{"footnotes":""},"class_list":["post-596","page","type-page","status-publish","hentry","entry"],"_links":{"self":[{"href":"https:\/\/luxvil.hu\/de\/wp-json\/wp\/v2\/pages\/596","targetHints":{"allow":["GET"]}}],"collection":[{"href":"https:\/\/luxvil.hu\/de\/wp-json\/wp\/v2\/pages"}],"about":[{"href":"https:\/\/luxvil.hu\/de\/wp-json\/wp\/v2\/types\/page"}],"author":[{"embeddable":true,"href":"https:\/\/luxvil.hu\/de\/wp-json\/wp\/v2\/users\/2"}],"replies":[{"embeddable":true,"href":"https:\/\/luxvil.hu\/de\/wp-json\/wp\/v2\/comments?post=596"}],"version-history":[{"count":13,"href":"https:\/\/luxvil.hu\/de\/wp-json\/wp\/v2\/pages\/596\/revisions"}],"predecessor-version":[{"id":3580,"href":"https:\/\/luxvil.hu\/de\/wp-json\/wp\/v2\/pages\/596\/revisions\/3580"}],"wp:attachment":[{"href":"https:\/\/luxvil.hu\/de\/wp-json\/wp\/v2\/media?parent=596"}],"curies":[{"name":"wp","href":"https:\/\/api.w.org\/{rel}","templated":true}]}}