{"id":1338,"date":"2022-07-23T12:43:32","date_gmt":"2022-07-23T12:43:32","guid":{"rendered":"https:\/\/luxvil.hu\/?page_id=1338"},"modified":"2023-06-22T13:13:34","modified_gmt":"2023-06-22T13:13:34","slug":"privacy-policy","status":"publish","type":"page","link":"https:\/\/luxvil.hu\/en\/privacy-policy\/","title":{"rendered":"Privacy Policy"},"content":{"rendered":"\t\t<div data-elementor-type=\"wp-page\" data-elementor-id=\"1338\" class=\"elementor elementor-1338\" data-elementor-post-type=\"page\">\n\t\t\t\t\t\t<section class=\"elementor-section elementor-top-section elementor-element elementor-element-14f73501 elementor-section-boxed elementor-section-height-default elementor-section-height-default\" data-id=\"14f73501\" data-element_type=\"section\">\n\t\t\t\t\t\t<div class=\"elementor-container elementor-column-gap-default\">\n\t\t\t\t\t<div class=\"elementor-column elementor-col-100 elementor-top-column elementor-element elementor-element-71272164\" data-id=\"71272164\" data-element_type=\"column\">\n\t\t\t<div class=\"elementor-widget-wrap elementor-element-populated\">\n\t\t\t\t\t\t<div class=\"elementor-element elementor-element-309c0ee8 elementor-widget elementor-widget-text-editor\" data-id=\"309c0ee8\" data-element_type=\"widget\" data-widget_type=\"text-editor.default\">\n\t\t\t\t<div class=\"elementor-widget-container\">\n\t\t\t\t\t\t\t\t\t<p><\/p>\n<h2 class=\"wp-block-heading\">Who we are<\/h2>\n<p><\/p>\n<p><\/p>\n<p><strong>Our website address is: <\/strong>https:\/\/luxvil.hu, https:\/\/luxvil.de<br><strong>Address: <\/strong>8648 Balatonkereszt\u00far, Erd\u0151sor utca 62\/A<br><strong>Phone:<\/strong> +41 79 359 0715<br><strong>Email: <\/strong>info@luxvil.hu, info@luxvil.de<br><strong>Owner: <\/strong>D\u00e1vid Berger<br><strong>Tax number:<\/strong> 57498838<br><strong>NTak number: <\/strong>MA21004997<br><strong>HUF-Bank account: <\/strong>11773494-01554849<br><strong>HUF-IBAN:<\/strong> HU16 1177 3494 0155 4849<br><strong>EUR-IBAN:<\/strong> HU88 1177 5496 6208 1885<br><strong>Swift\/Bic Code:<\/strong> OTPVHUHB<\/p>\n<p><\/p>\n<p><\/p>\n<h2 class=\"wp-block-heading\">Comments<\/h2>\n<p><\/p>\n<p><\/p>\n<p>When visitors leave comments on the site we collect the data shown in the comments form, and also the visitor\u2019s IP address and browser user agent string to help spam detection.<\/p>\n<p><\/p>\n<p><\/p>\n<p>An anonymized string created from your email address (also called a hash) may be provided to the Gravatar service to see if you are using it. The Gravatar service privacy policy is available here: https:\/\/automattic.com\/privacy\/. After approval of your comment, your profile picture is visible to the public in the context of your comment.<\/p>\n<p><\/p>\n<p><\/p>\n<h2 class=\"wp-block-heading\">Media<\/h2>\n<p><\/p>\n<p><\/p>\n<p>If you upload images to the website, you should avoid uploading images with embedded location data (EXIF GPS) included. Visitors to the website can download and extract any location data from images on the website.<\/p>\n<p><\/p>\n<p><\/p>\n<h2 class=\"wp-block-heading\">Cookies<\/h2>\n<p><\/p>\n<p><\/p>\n<p>If you leave a comment on our site you may opt-in to saving your name, email address and website in cookies. These are for your convenience so that you do not have to fill in your details again when you leave another comment. These cookies will last for one year.<\/p>\n<p><\/p>\n<p><\/p>\n<p>If you visit our login page, we will set a temporary cookie to determine if your browser accepts cookies. This cookie contains no personal data and is discarded when you close your browser.<\/p>\n<p><\/p>\n<p><\/p>\n<p>When you log in, we will also set up several cookies to save your login information and your screen display choices. Login cookies last for two days, and screen options cookies last for a year. If you select &#8220;Remember Me&#8221;, your login will persist for two weeks. If you log out of your account, the login cookies will be removed.<\/p>\n<p><\/p>\n<p><\/p>\n<p>If you edit or publish an article, an additional cookie will be saved in your browser. This cookie includes no personal data and simply indicates the post ID of the article you just edited. It expires after 1 day.<\/p>\n<p><\/p>\n<p><\/p>\n<h2 class=\"wp-block-heading\">Embedded content from other websites<\/h2>\n<p><\/p>\n<p><\/p>\n<p>Articles on this site may include embedded content (e.g. videos, images, articles, etc.). Embedded content from other websites behaves in the exact same way as if the visitor has visited the other website.<\/p>\n<p><\/p>\n<p><\/p>\n<p>These websites may collect data about you, use cookies, embed additional third-party tracking, and monitor your interaction with that embedded content, including tracking your interaction with the embedded content if you have an account and are logged in to that website.<\/p>\n<p><\/p>\n<p><\/p>\n<h2 class=\"wp-block-heading\">Who we share your data with<\/h2>\n<p><\/p>\n<p><\/p>\n<p>If you request a password reset, your IP address will be included in the reset email. In the case of invoicing, to the invoicing program. In the case of iCal synchronization, on the pages required to close the reservation.<\/p>\n<p><\/p>\n<p><\/p>\n<h2 class=\"wp-block-heading\">How long we retain your data<\/h2>\n<p><\/p>\n<p><\/p>\n<p>If you leave a comment, the comment and its metadata are retained indefinitely. This is so we can recognize and approve any follow-up comments automatically instead of holding them in a moderation queue.<\/p>\n<p><\/p>\n<p><\/p>\n<p>For users that register on our website (if any), we also store the personal information they provide in their user profile. All users can see, edit, or delete their personal information at any time (except they cannot change their username). Website administrators can also see and edit that information.<\/p>\n<p><\/p>\n<p><\/p>\n<h2 class=\"wp-block-heading\">What rights you have over your data<\/h2>\n<p><\/p>\n<p><\/p>\n<p>If you have an account on this site, or have left comments, you can request to receive an exported file of the personal data we hold about you, including any data you have provided to us. You can also request that we erase any personal data we hold about you. This does not include any data we are obliged to keep for administrative, legal, or security purposes.<\/p>\n<p><\/p>\n<p><\/p>\n<h2 class=\"wp-block-heading\">Where your data is sent<\/h2>\n<p><\/p>\n<p><\/p>\n<p>Visitor comments may be checked through an automated spam detection service. In the case of invoicing, to the invoicing program. In the case of iCal synchronization, on the pages required to close the reservation.<\/p>\n<p><\/p>\n<p><\/p>\n<h2 class=\"wp-block-heading\">Hosting, Domain provider<\/h2>\n<p><\/p>\n<p><\/p>\n<p><strong>Company name: <\/strong>RACKFOREST INFORMATIKAI KERESKEDELMI SZOLG\u00c1LTAT\u00d3 \u00c9S TAN\u00c1CSAD\u00d3 ZRT.<br><strong>Office Address:<\/strong> 1132 Budapest, Victor Hugo utca 11., 5. emelet<br><strong>Server room address:<\/strong> XIII. ker\u00fclet 1132 Budapest, Victor Hugo u. 18-22., 3. em. | VIII. ker\u00fclet 1087 Budapest, Asztalos S\u00e1ndor u. 13. | X. ker\u00fclet 1108 Budapest, Kozma u. 2.<br><strong>Billing address: <\/strong>1132 Budapest, Victor Hugo u. 11., 5. em. B05001<br><strong>Tax Number: <\/strong>32056842-2-41<br><strong>Data Protection Officer: <\/strong>Sz\u0171cs Krisztina<br><strong>Email:<\/strong> info@rackforest.hu<br><strong>Phone:<\/strong> +36 1 211 0044<br><\/p>\n<p><\/p>\n<p><\/p>\n<p><strong>Other hosting provider links:<\/strong><\/p>\n<p><\/p>\n<p><\/p>\n<p><a href=\"https:\/\/rackforest.com\/kapcsolat\/adatvedelmi-iranyelvek\/\" target=\"_blank\" rel=\"noreferrer noopener\">Data management policy<\/a><br><a href=\"https:\/\/rackforest.com\/wp-content\/uploads\/rackforest_tszf_v7_20220920.pdf\" target=\"_blank\" rel=\"noreferrer noopener\">Additional terms and conditions<\/a><br><a href=\"https:\/\/rackforest.com\/wp-content\/uploads\/end-user-license-terms-2.pdf\" target=\"_blank\" rel=\"noreferrer noopener\">Microsoft End User License Terms<\/a><br><a href=\"https:\/\/rackforest.com\/wp-content\/uploads\/rf-0501-vezetoi_elkotelezettseg.pdf\" target=\"_blank\" rel=\"noreferrer noopener\">Leadership Commitment<\/a><\/p>\n<p><\/p>\t\t\t\t\t\t\t\t<\/div>\n\t\t\t\t<\/div>\n\t\t\t\t\t<\/div>\n\t\t<\/div>\n\t\t\t\t\t<\/div>\n\t\t<\/section>\n\t\t\t\t<\/div>\n\t\t","protected":false},"excerpt":{"rendered":"<p>Who we are Our website address is: https:\/\/luxvil.hu, https:\/\/luxvil.deAddress: 8648 Balatonkereszt\u00far, Erd\u0151sor utca 62\/APhone: +41 79 359 0715Email: info@luxvil.hu, info@luxvil.deOwner: D\u00e1vid BergerTax number: 57498838NTak number: MA21004997HUF-Bank account: 11773494-01554849HUF-IBAN: HU16 1177 3494 0155 4849EUR-IBAN: HU88 1177 5496 6208 1885Swift\/Bic Code: OTPVHUHB Comments When visitors leave comments on the site we collect the data shown in the [&hellip;]<\/p>\n","protected":false},"author":2,"featured_media":0,"parent":0,"menu_order":0,"comment_status":"closed","ping_status":"open","template":"","meta":{"footnotes":""},"class_list":["post-1338","page","type-page","status-publish","hentry","entry"],"_links":{"self":[{"href":"https:\/\/luxvil.hu\/en\/wp-json\/wp\/v2\/pages\/1338","targetHints":{"allow":["GET"]}}],"collection":[{"href":"https:\/\/luxvil.hu\/en\/wp-json\/wp\/v2\/pages"}],"about":[{"href":"https:\/\/luxvil.hu\/en\/wp-json\/wp\/v2\/types\/page"}],"author":[{"embeddable":true,"href":"https:\/\/luxvil.hu\/en\/wp-json\/wp\/v2\/users\/2"}],"replies":[{"embeddable":true,"href":"https:\/\/luxvil.hu\/en\/wp-json\/wp\/v2\/comments?post=1338"}],"version-history":[{"count":5,"href":"https:\/\/luxvil.hu\/en\/wp-json\/wp\/v2\/pages\/1338\/revisions"}],"predecessor-version":[{"id":1352,"href":"https:\/\/luxvil.hu\/en\/wp-json\/wp\/v2\/pages\/1338\/revisions\/1352"}],"wp:attachment":[{"href":"https:\/\/luxvil.hu\/en\/wp-json\/wp\/v2\/media?parent=1338"}],"curies":[{"name":"wp","href":"https:\/\/api.w.org\/{rel}","templated":true}]}}